{"id":13,"date":"2010-11-14T13:03:34","date_gmt":"2010-11-14T13:03:34","guid":{"rendered":"http:\/\/medicinaintegrativa.us\/?page_id=13"},"modified":"2011-01-05T10:32:05","modified_gmt":"2011-01-05T10:32:05","slug":"contacto","status":"publish","type":"page","link":"https:\/\/medicinaintegrativa.us\/?page_id=13","title":{"rendered":"Contacto"},"content":{"rendered":"<h1><span style=\"color: #3366ff;\"><span style=\"color: #3366ff;\">Cl\u00ednica\u00a0Segura<\/span><\/span><\/h1>\n<h5>Dr. Jorge Barros.<\/h5>\n<h5>M\u00e9dico Colegiado en el Ilustre Colegio Oficial de M\u00e9dicos de Madrid con el N\u00ba: 283606083.<\/h5>\n<h4><strong>C\/ Narv\u00e1ez, 7 1\u00ba dcha. 28009. Madrid.\u00a0<img loading=\"lazy\" decoding=\"async\" src=\"http:\/\/elososinmadrono.files.wordpress.com\/2008\/07\/metro_madrid_rotulo.jpg\" alt=\"\" width=\"36\" height=\"21\" \/>Metro Goya.<\/strong><\/h4>\n<p><strong><strong>Tel: 91431 48 82<\/strong><\/strong><\/p>\n<h4><strong>M\u00f3vil: 693 260 520<\/strong><\/h4>\n<h4><strong>Fax: \u00a091 575 30 32<\/strong><\/h4>\n<h4><span style=\"color: #3366ff;\">Inscrito en el\u00a0Registro de la Direcci\u00f3n General de Calidad, Acreditaci\u00f3n, Evaluaci\u00f3n e Inspecci\u00f3n de la Comunidad de Madrid con el numero c55792.<\/span><\/h4>\n<p><img loading=\"lazy\" decoding=\"async\" src=\"http:\/\/4.bp.blogspot.com\/_a5mK001oySU\/S3rPDTC6DDI\/AAAAAAAAShE\/M13AEPATAqc\/s400\/escudo.jpg\" alt=\"\" width=\"252\" height=\"204\" \/> <img loading=\"lazy\" decoding=\"async\" src=\"http:\/\/www.getafenoticias.com\/wp-content\/uploads\/2009\/01\/comunidad-de-madrid.jpg\" alt=\"\" width=\"218\" height=\"218\" \/><\/p>\n","protected":false},"excerpt":{"rendered":"<p>Cl\u00ednica\u00a0Segura Dr. Jorge Barros. M\u00e9dico Colegiado en el Ilustre Colegio Oficial de M\u00e9dicos de Madrid con el N\u00ba: 283606083. C\/ Narv\u00e1ez, 7 1\u00ba dcha. 28009. Madrid.\u00a0Metro Goya. Tel: 91431 48 82 M\u00f3vil: 693 260 520 Fax: \u00a091 575 30 32 Inscrito en el\u00a0Registro de la Direcci\u00f3n General de Calidad, Acreditaci\u00f3n, Evaluaci\u00f3n e Inspecci\u00f3n de la [&hellip;]<\/p>\n","protected":false},"author":1,"featured_media":0,"parent":0,"menu_order":4,"comment_status":"open","ping_status":"open","template":"","meta":{"footnotes":""},"class_list":["post-13","page","type-page","status-publish","hentry"],"_links":{"self":[{"href":"https:\/\/medicinaintegrativa.us\/index.php?rest_route=\/wp\/v2\/pages\/13","targetHints":{"allow":["GET"]}}],"collection":[{"href":"https:\/\/medicinaintegrativa.us\/index.php?rest_route=\/wp\/v2\/pages"}],"about":[{"href":"https:\/\/medicinaintegrativa.us\/index.php?rest_route=\/wp\/v2\/types\/page"}],"author":[{"embeddable":true,"href":"https:\/\/medicinaintegrativa.us\/index.php?rest_route=\/wp\/v2\/users\/1"}],"replies":[{"embeddable":true,"href":"https:\/\/medicinaintegrativa.us\/index.php?rest_route=%2Fwp%2Fv2%2Fcomments&post=13"}],"version-history":[{"count":4,"href":"https:\/\/medicinaintegrativa.us\/index.php?rest_route=\/wp\/v2\/pages\/13\/revisions"}],"predecessor-version":[{"id":37,"href":"https:\/\/medicinaintegrativa.us\/index.php?rest_route=\/wp\/v2\/pages\/13\/revisions\/37"}],"wp:attachment":[{"href":"https:\/\/medicinaintegrativa.us\/index.php?rest_route=%2Fwp%2Fv2%2Fmedia&parent=13"}],"curies":[{"name":"wp","href":"https:\/\/api.w.org\/{rel}","templated":true}]}}