{"id":2,"date":"2010-11-13T21:54:56","date_gmt":"2010-11-13T21:54:56","guid":{"rendered":"http:\/\/medicinaintegrativa.us\/?page_id=2"},"modified":"2011-01-04T23:03:02","modified_gmt":"2011-01-04T23:03:02","slug":"about","status":"publish","type":"page","link":"https:\/\/medicinaintegrativa.us\/","title":{"rendered":"Medicina Integrativa Madrid"},"content":{"rendered":"<p><span style=\"color: #ffffff;\">Medicina Integrativa Madrid. <\/span><\/p>\n<p style=\"text-align: center;\"><img decoding=\"async\" src=\"http:\/\/i47.photobucket.com\/albums\/f166\/ashtrey6\/ALex%20Grey\/AlexGrey2.jpg\" alt=\"\" \/><\/p>\n<p style=\"text-align: center;\">\n<h3>La Medicina Integrativa es la nueva frontera de la atenci\u00f3n sanitaria moderna. Representa una comprensi\u00f3n de la evoluci\u00f3n de la salud y la curaci\u00f3n en el sentido que incorpora las pr\u00e1cticas m\u00e9dicas convencionales y alternativas para estimular, y restaurar el equilibrio de los mecanismos de curaci\u00f3n. Es una forma \u00fanica de la medicina hol\u00edstica fundada en Alemania en la d\u00e9cada de 1950 que implica la instrumentaci\u00f3n superior y altamente innovadoras. Diagn\u00f3stico y tratamiento a menudo implica la combinaci\u00f3n de ciencias biol\u00f3gicas y la microscop\u00eda\u00a0 de examen de las c\u00e9lulas de sangre con los tratamientos antiguos, tales como, la medicina china, Homeopat\u00eda, Ayurveda, examen sangu\u00edneo de campo oscuro con sus \u00a0pleomorfismo y las tradiciones europeas de la medicina druidas.<\/h3>\n<h3>La Medicina Integrativa entiende que son a menudo \u00a0m\u00faltiples las influencias ocultas que causan las enfermedades. Los \u00a0profesionales de la medicina olopatica u oficial a menudo pasan por alto en sus ex\u00e1menes, en el diagn\u00f3stico y en el tratamiento los datos que los profesionales de la Medicina Biol\u00f3gica intencionalmente se ponen a buscar. Las toxinas ambientales, las infecciones cr\u00f3nicas ocultas y los par\u00e1sitos, las alergias alimentarias no determinadas, la mala alimentaci\u00f3n y la nutrici\u00f3n est\u00e1n todos relacionados entre s\u00ed y adem\u00e1s los problemas dentales m\u00e9dicos son todos factores significativos examinados por los profesionales de la medicina integrativa.<\/h3>\n","protected":false},"excerpt":{"rendered":"<p>Medicina Integrativa Madrid. La Medicina Integrativa es la nueva frontera de la atenci\u00f3n sanitaria moderna. Representa una comprensi\u00f3n de la evoluci\u00f3n de la salud y la curaci\u00f3n en el sentido que incorpora las pr\u00e1cticas m\u00e9dicas convencionales y alternativas para estimular, y restaurar el equilibrio de los mecanismos de curaci\u00f3n. Es una forma \u00fanica de la [&hellip;]<\/p>\n","protected":false},"author":1,"featured_media":0,"parent":0,"menu_order":1,"comment_status":"open","ping_status":"open","template":"","meta":{"footnotes":""},"class_list":["post-2","page","type-page","status-publish","hentry"],"_links":{"self":[{"href":"https:\/\/medicinaintegrativa.us\/index.php?rest_route=\/wp\/v2\/pages\/2","targetHints":{"allow":["GET"]}}],"collection":[{"href":"https:\/\/medicinaintegrativa.us\/index.php?rest_route=\/wp\/v2\/pages"}],"about":[{"href":"https:\/\/medicinaintegrativa.us\/index.php?rest_route=\/wp\/v2\/types\/page"}],"author":[{"embeddable":true,"href":"https:\/\/medicinaintegrativa.us\/index.php?rest_route=\/wp\/v2\/users\/1"}],"replies":[{"embeddable":true,"href":"https:\/\/medicinaintegrativa.us\/index.php?rest_route=%2Fwp%2Fv2%2Fcomments&post=2"}],"version-history":[{"count":5,"href":"https:\/\/medicinaintegrativa.us\/index.php?rest_route=\/wp\/v2\/pages\/2\/revisions"}],"predecessor-version":[{"id":31,"href":"https:\/\/medicinaintegrativa.us\/index.php?rest_route=\/wp\/v2\/pages\/2\/revisions\/31"}],"wp:attachment":[{"href":"https:\/\/medicinaintegrativa.us\/index.php?rest_route=%2Fwp%2Fv2%2Fmedia&parent=2"}],"curies":[{"name":"wp","href":"https:\/\/api.w.org\/{rel}","templated":true}]}}