{"id":8,"date":"2010-11-14T12:59:47","date_gmt":"2010-11-14T12:59:47","guid":{"rendered":"http:\/\/medicinaintegrativa.us\/?page_id=8"},"modified":"2011-01-04T23:02:48","modified_gmt":"2011-01-04T23:02:48","slug":"dr-jorge-barros","status":"publish","type":"page","link":"https:\/\/medicinaintegrativa.us\/?page_id=8","title":{"rendered":"Dr. Jorge Barros"},"content":{"rendered":"<address><\/address>\n<address><\/address>\n<address><\/address>\n<address><\/address>\n<address><\/address>\n<address>\n<h4>El Dr. Jorge Barros es uno de los mas importantes representantes de la Medicina Biol\u00f3gica y de la Homeopat\u00eda. Es constantemente consultado por medios especializados y generales sobre problemas de salud y su\u00a0soluci\u00f3n\u00a0dese la\u00a0\u00f3ptica\u00a0de la medicina\u00a0Homeopat\u00eda\u00a0y\u00a0Biol\u00f3gica.<\/h4>\n<address>\n<h4>M\u00e9dico egresado de la Facultad de Medicina de la Universidad de Buenos Aires es Especialista y Master en Medicina Biol\u00f3gica y Antienvejecimiento por la Universidad de Alcal\u00e1 de Henares, desarrolla su labor en cl\u00ednicas de Madrid y Buenos Aires.<\/h4>\n<h4>Con veintitr\u00e9s a\u00f1os de experiencia en la pr\u00e1ctica de la medicina\u00a0Homeop\u00e1tia y la Medicina Biol\u00f3gica el Dr. Jorge Barros ha completado su formaci\u00f3n con m\u00faltiples cursos en su\u00a0\u00e1rea.<\/h4>\n<h4>Actualmente se desempe\u00f1a como director mundial para la Biblioteca de Homeopat\u00eda y Medicina Biol\u00f3gica<\/h4>\n<h4><a href=\"http:\/\/ar.groups.yahoo.com\/group\/archivos_homeopatia\">http:\/\/ar.groups.yahoo.com\/group\/archivos_homeopatia<\/a><\/h4>\n<h4>e Investigador Independiente en Homeopat\u00eda y su aplicaci\u00f3n en la prevenci\u00f3n de pandemias y enfermedades cr\u00f3nicas.<\/h4>\n<\/address>\n<address>\n<h4>Miembro de la Comisi\u00f3n de Medicina\u00a0Biolog\u00eda\u00a0y Medicina Antienvejecimiento del Ilustre Colegio M\u00e9dico de Madrid. Matricula N\u00ba MBA00409<\/h4>\n<h4><a href=\"http:\/\/www.icomem.es\/apps\/sociedades\/sociedades.php?do=inf&amp;idcont=50\">http:\/\/www.icomem.es\/apps\/sociedades\/sociedades.php?do=inf&amp;idcont=50<\/a><\/h4>\n<h4><a href=\"http:\/\/www.icomem.es\/apps\/sociedades\/sociedades.php?do=inf&amp;idcont=35\">http:\/\/www.icomem.es\/apps\/sociedades\/sociedades.php?do=inf&amp;idcont=35<\/a><\/h4>\n<h4>Miembro de la Comisi\u00f3n de M\u00e9dicos Naturistas del Ilustre Colegio M\u00e9dico de Madrid. Matr\u00edcula N\u00ba M0310007.<\/h4>\n<h4><a href=\"http:\/\/www.icomem.es\/\">http:\/\/www.icomem.es\/<\/a><\/h4>\n<h4>Miembro de la SEMAL. Sociedad Espa\u00f1ola de Medicina Antienvejecimiento y Longevidad.<\/h4>\n<h4><a href=\"http:\/\/www.medicinaantienvejecimiento.info\/\">http:\/\/www.medicinaantienvejecimiento.info\/<\/a><\/h4>\n<h4><a href=\"http:\/\/www.med-estetica.com\/semal\/\">http:\/\/www.med-estetica.com\/semal\/<\/a><\/h4>\n<h5><a href=\"http:\/\/www.med-estetica.com\/semal\/\"><\/a><\/h5>\n<\/address>\n<h4>M\u00e1ster en Medicina Biol\u00f3gica y Antienvejecimiento por la Universidad de Alcala de Henares.<\/h4>\n<h4><a href=\"http:\/\/www.uah.es\/\">http:\/\/www.uah.es\/<\/a><\/h4>\n<h4>M\u00e9dico Especialista en Medicina Integrativa.<\/h4>\n<h4>Miembro de la Asociaci\u00f3n de M\u00e9dicos Home\u00f3patas de Andaluc\u00eda. (AMHA).<\/h4>\n<h4>Miembro de la Federaci\u00f3n Espa\u00f1ola de M\u00e9dicos Home\u00f3patas (FEMH).<\/h4>\n<h4><a href=\"http:\/\/www.femh.org\/\">http:\/\/www.femh.org\/<\/a><\/h4>\n<h4>Miembro de la Liga M\u00e9dico Homeop\u00e1tica Internacional (LMHI)<\/h4>\n<p><a href=\"http:\/\/www.lmhi.net\/\" target=\"_blank\">http:\/\/www.lmhi.net\/<\/a><\/p>\n<h4>M\u00e9dico Especialista en Medicina Biol\u00f3gica(Soc. Internacional de Homotoxicolog\u00eda).<\/h4>\n<h4>Miembro de Asociaci\u00f3n Espa\u00f1ola de Profecionales Medicos en Ozonoterapia.<a href=\"http:\/\/www.noticiasnaturistas.com\/WWW.AEPROMO.ORG\" target=\"_blank\">www.aepromo.org<\/a><\/h4>\n<h4><a href=\"http:\/\/www.icomem.es\/apps\/sociedades\/sociedades.php?do=inf&amp;idcont=58\">http:\/\/www.icomem.es\/apps\/sociedades\/sociedades.php?do=inf&amp;idcont=58<\/a><\/h4>\n<address>\n<h4>Miembro Sociedad Argentina de Medicina Biol\u00f3gica Integrada.<\/h4>\n<h4>Miembro de Honor de la Fundaci\u00f3n para la Extensi\u00f3n de la Vida.<\/h4>\n<h4>Miembro de la Asociaci\u00f3n M\u00e9dicos Naturistas de la Rep\u00fablica Argentina.<\/h4>\n<h4>Miembro del Ilustre Colegio Medico de Madrid. Num. Col. 283606083<\/h4>\n<h4><a href=\"http:\/\/www.icomem.es\/apps\/regs\/registro.php\">http:\/\/www.icomem.es\/apps\/regs\/registro.php<\/a><\/h4>\n<h4>Miembro de la Comisi\u00f3n de M\u00e9dicos Naturistas del Ilustre Colegio Medico de Madrid. No: M0310007.<\/h4>\n<p style=\"text-align: center;\">\n<\/address><\/address>\n<address style=\"text-align: center;\"><span style=\"text-decoration: underline;\"><\/p>\n<h4><img decoding=\"async\" src=\"http:\/\/t2.gstatic.com\/images?q=tbn:NGW2sxiisRsqbM:http:\/\/www.histgueb.net\/serpiente\/images\/caduceo.gif\" alt=\"\" \/> <img decoding=\"async\" src=\"http:\/\/www.odontohomeosite.com.ar\/images\/eventos_lmhi.jpg\" alt=\"\" \/> <img decoding=\"async\" src=\"http:\/\/t3.gstatic.com\/images?q=tbn:KzGTKFnTuv5aNM:http:\/\/www.dzvhae.com\/portal\/pics\/verbaende\/060806112526_femh_logo.gif\" alt=\"Ver imagen en tama\u00f1o completo\" \/><\/h4>\n<h4><img decoding=\"async\" src=\"http:\/\/t1.gstatic.com\/images?q=tbn:dLC5v1CjeETk6M:http:\/\/www.femh.org\/images\/Logof10p.jpg\" alt=\"Ver imagen en tama\u00f1o completo\" \/><img decoding=\"async\" src=\"http:\/\/www.homeopathyeurope.org\/++resource++ECH.theme.images\/mini_logo.png\" alt=\"\" \/> <img decoding=\"async\" src=\"http:\/\/doctoradelapuerta.com\/img\/logoICOMEN.jpg\" alt=\"icomen\" \/> <img decoding=\"async\" src=\"http:\/\/doctoradelapuerta.com\/img\/logosemal2.jpg\" alt=\"semal\" \/><\/h4>\n<h4><img decoding=\"async\" src=\"http:\/\/t1.gstatic.com\/images?q=tbn:Sn5tJPyqrMJ2MM:http:\/\/expresionpr.files.wordpress.com\/2009\/09\/uba.jpg\" alt=\"\" \/> <img decoding=\"async\" src=\"http:\/\/t0.gstatic.com\/images?q=tbn:ciIEYL01G8jRvM:http:\/\/oesi.cervantes.es\/sepln\/imagenes\/logo1_Universidad_Alcala.jpg\" alt=\"\" \/><\/h4>\n<h4><img decoding=\"async\" src=\"http:\/\/t0.gstatic.com\/images?q=tbn:av8US0FPeTVHzM:http:\/\/www.fys.es\/fys\/download\/cam.gif\" alt=\"Ver imagen en tama\u00f1o completo\" \/> <img decoding=\"async\" src=\"http:\/\/www.aepromo.org\/english\/images\/logo-aepromo.jpg\" alt=\"AEPROMO\" \/><\/h4>\n<p><img decoding=\"async\" src=\"http:\/\/www.lef.org\/images\/template\/title_header_LEF_logo.gif\" alt=\"Life Extension\" \/><\/p>\n<p><\/span><\/address>\n<h3><span style=\"text-decoration: underline;\">Tratamiento de enfermedades cr\u00f3nicas con los m\u00e9todos de la medicina naturista y de la homeopat\u00eda.<\/span><\/h3>\n<address><\/address>\n<address>Enfermedades que el tratamiento naturista y homeop\u00e1tico esta especialmente indicado:<\/address>\n<address><\/address>\n<address>-Ni\u00f1os:\u00a0Alergias Alimentarias y de\u00a0V\u00edas\u00a0A\u00e9reas, Catarros\u00a0Cr\u00f3nicos, \u00a0Otitis\u00a0Cr\u00f3nicas, Hiperactividad, Deficit de\u00a0Atenci\u00f3n, Problemas de Conducta, Dermatitis\u00a0Cr\u00f3nicas, Alteraciones Digestivas, Asma, Rinitis\u00a0Al\u00e9rgica.<\/address>\n<address>-Adultos:<\/address>\n<address>&#8211; Patolog\u00edas comunes del aparato digestivo.<\/address>\n<address>&#8211;\u00a0Artrosis.<\/address>\n<address>&#8211; Fibromialgia.<\/address>\n<address>&#8211; Obesidad.<\/address>\n<address>&#8211;\u00a0Problemas de conducta infantil.<\/address>\n<address>&#8211;\u00a0Hiperactividad.<\/address>\n<address>&#8211; Bulimia.<\/address>\n<address>&#8211;\u00a0Dolores cr\u00f3nicos.<\/address>\n<address>&#8211;\u00a0Drogadependencias.<\/address>\n<address>&#8211;\u00a0Impotencia y frigidez.<\/address>\n<address>&#8211;\u00a0Dependencias medicamentosas.<\/address>\n<address>&#8211;\u00a0Ancianidad.<\/address>\n<address>&#8211;\u00a0Dolor de cabeza.<\/address>\n<address>&#8211;\u00a0Varices.<\/address>\n<address>&#8211;\u00a0Asma.<\/address>\n<address>&#8211;\u00a0Acn\u00e9.<\/address>\n<address>&#8211;\u00a0Eccemas.<\/address>\n<address><span style=\"text-decoration: underline;\">&#8211; Alergolog\u00eda Homeopatica:<\/span> Fiebre del Heno, Asma, Rinitis Al\u00e9rgica, Conjuntivitis Alergica, Al\u00e9rgia Alimentaria, Dermatitis Atopica, Urticarias.<\/address>\n<address>&#8211;\u00a0Psoriasis.<\/address>\n<address>\n<address><span style=\"text-decoration: underline;\">&#8211; Tratamiento coabyudante del Cancer con medicina Biologica:<\/span> Deteccion del Riesgo tumoral por medio de Marcadores Tumorales, Tratamientos preventivos, Alimentaci\u00f3n anticancer, Test Geneticos de Medicina Predictiva, Acompa\u00f1amiento a Cuidadores.<\/address>\n<p>&#8211;<span style=\"text-decoration: underline;\">Tratamientos Psiquiatricos:<\/span> Depresi\u00f3n, Ansiedad\/ Angustia, Crisis de p\u00e1nico, Bulimia, Alcoholismo, Fobias, Obsesiones,\u00a0Estr\u00e9s, Timidez, Inseguridad, Indecisi\u00f3n, Bloqueos emocionales, Miedos, Disfunciones Sexuales,\u00a0Insomnio,\u00a0\u00a0Anorexia Nerviosa,\u00a0\u00a0Depresiones,\u00a0Enfermedades Demenciales.<\/p>\n<\/address>\n<address>&#8211;\u00a0<span style=\"text-decoration: underline;\">Tratamientos de Medicina Antienvejecimiento:<\/span> Prevenci\u00f3n del envejecimiento patol\u00f3gico, Test geneticos predictivos de enfermedades del envejecimiento, Revitalizaci\u00f3n,\u00a0Terapias Antioxidantes, Detecci\u00f3n Precoz de Enfermedades Asociadas al Envejecimiento, Edad Biol\u00f3gica.<\/address>\n<address><span style=\"text-decoration: underline;\">&#8211; Metodos Diagnosticos de la Medicina Biologica:<\/span> Anal\u00edtica Completa, Analitica Hormonal, Detecci\u00f3n de radicales Libres, Detecci\u00f3n del Riesgo Cardiovascular, Deteccion del Riesgo tumoral por medio de Marcadores Tumorales, Biorresonamncia, Ecosistema Intestinal, Perfil de Acidos Grasos, Genetica Antiaging, Equilibrio Acido Base.<\/address>\n<address><\/address>\n<address style=\"text-align: center;\"><\/address>\n<address><\/address>\n<h1>Direcciones en la Comunidad de Madrid.<\/h1>\n<h2>Cl\u00ednica Segura.<\/h2>\n<address>C\/ Narv\u00e1ez, 7 1\u00ba dcha. 28009. Madrid.\u00a0Metro Goya.<\/address>\n<address>Tel: 91 431 48 82. M\u00f3vil: 693 260 520<\/address>\n<address>Fax: \u00a091 575 30 32<\/address>\n<address><\/address>\n<address><small><a href=\"http:\/\/maps.google.es\/maps?f=q&amp;source=embed&amp;hl=es&amp;geocode=&amp;q=Dr.+Jorge+Barros.&amp;sll=40.416691,-3.700345&amp;sspn=0.617918,1.230469&amp;ie=UTF8&amp;hq=Dr.+Jorge+Barros.&amp;hnear=&amp;t=h&amp;cid=10845451783991433586&amp;ll=40.424768,-3.674777&amp;spn=0.002859,0.00456&amp;z=17&amp;iwloc=A\">Ver mapa m\u00e1s grande<\/a><\/small><\/p>\n<\/address>\n<address><\/address>\n<address> <\/address>\n<address><\/address>\n<address><\/address>\n<h3>Direcciones en Buenos Aires.<\/h3>\n<address><\/address>\n<address>Calle Edison 1789. Martinez. Buenos Aires.<\/address>\n<address>Tel. 4836- 2003 y 4717- 4996.<\/address>\n<address><\/address>\n<address><\/address>\n<address><\/address>\n<address><\/address>\n<address><\/address>\n<address><\/address>\n<address><\/address>\n<p>Gracias por navegar por<\/p>\n<p><a href=\"http:\/\/www.noticiasnaturistas.com\/\">www.noticiasnaturistas.com<\/a><\/p>\n","protected":false},"excerpt":{"rendered":"<p>El Dr. Jorge Barros es uno de los mas importantes representantes de la Medicina Biol\u00f3gica y de la Homeopat\u00eda. Es constantemente consultado por medios especializados y generales sobre problemas de salud y su\u00a0soluci\u00f3n\u00a0dese la\u00a0\u00f3ptica\u00a0de la medicina\u00a0Homeopat\u00eda\u00a0y\u00a0Biol\u00f3gica. M\u00e9dico egresado de la Facultad de Medicina de la Universidad de Buenos Aires es Especialista y Master en Medicina [&hellip;]<\/p>\n","protected":false},"author":1,"featured_media":0,"parent":0,"menu_order":3,"comment_status":"open","ping_status":"open","template":"","meta":{"footnotes":""},"class_list":["post-8","page","type-page","status-publish","hentry"],"_links":{"self":[{"href":"https:\/\/medicinaintegrativa.us\/index.php?rest_route=\/wp\/v2\/pages\/8","targetHints":{"allow":["GET"]}}],"collection":[{"href":"https:\/\/medicinaintegrativa.us\/index.php?rest_route=\/wp\/v2\/pages"}],"about":[{"href":"https:\/\/medicinaintegrativa.us\/index.php?rest_route=\/wp\/v2\/types\/page"}],"author":[{"embeddable":true,"href":"https:\/\/medicinaintegrativa.us\/index.php?rest_route=\/wp\/v2\/users\/1"}],"replies":[{"embeddable":true,"href":"https:\/\/medicinaintegrativa.us\/index.php?rest_route=%2Fwp%2Fv2%2Fcomments&post=8"}],"version-history":[{"count":7,"href":"https:\/\/medicinaintegrativa.us\/index.php?rest_route=\/wp\/v2\/pages\/8\/revisions"}],"predecessor-version":[{"id":11,"href":"https:\/\/medicinaintegrativa.us\/index.php?rest_route=\/wp\/v2\/pages\/8\/revisions\/11"}],"wp:attachment":[{"href":"https:\/\/medicinaintegrativa.us\/index.php?rest_route=%2Fwp%2Fv2%2Fmedia&parent=8"}],"curies":[{"name":"wp","href":"https:\/\/api.w.org\/{rel}","templated":true}]}}